{"id":127,"date":"2022-03-31T03:24:44","date_gmt":"2022-03-31T03:24:44","guid":{"rendered":"https:\/\/kandlbinder.net\/?page_id=127"},"modified":"2022-03-31T15:43:30","modified_gmt":"2022-03-31T15:43:30","slug":"impressum","status":"publish","type":"page","link":"https:\/\/kandlbinder.net\/index.php\/impressum\/","title":{"rendered":"Impressum"},"content":{"rendered":"\n<h2>Angaben gem\u00e4\u00df \u00a7 5 TMG<\/h2>\n<p>J\u00f6rg Kandlbinder<br>\nN\u00f6stlbach 28<br>\n83132 Pittenhart<\/p>\n\n<h2>Kontakt<\/h2>\n<p>Telefon: 080757399918<br>\nE-Mail: joerg@kandlbinder.net<\/p>\n\n<p>Es gelten folgende berufsrechtliche Regelungen:<\/p>\n<h2>Redaktionell verantwortlich<\/h2>\n<p>J\u00f6rg Kandlbinder<br>\nN\u00f6stlbach 28<br>\n83132 Pittenhart<\/p>\n\n<h2>Verbraucher\u00adstreit\u00adbeilegung\/Universal\u00adschlichtungs\u00adstelle<\/h2>\n<p>Wir sind nicht bereit oder verpflichtet, an Streitbeilegungsverfahren vor einer Verbraucherschlichtungsstelle teilzunehmen.<\/p>\n\n<p>Quelle: <a href=\"https:\/\/www.e-recht24.de\">https:\/\/www.e-recht24.de<\/a><\/p>\n","protected":false},"excerpt":{"rendered":"<p>Angaben gem\u00e4\u00df \u00a7 5 TMG J\u00f6rg Kandlbinder N\u00f6stlbach 28 83132 Pittenhart Kontakt Telefon: 080757399918 E-Mail: joerg@kandlbinder.net Es gelten folgende berufsrechtliche Regelungen: Redaktionell verantwortlich J\u00f6rg Kandlbinder N\u00f6stlbach 28 83132 Pittenhart Verbraucher\u00adstreit\u00adbeilegung\/Universal\u00adschlichtungs\u00adstelle Wir sind nicht bereit oder verpflichtet, an Streitbeilegungsverfahren vor einer Verbraucherschlichtungsstelle teilzunehmen. Quelle: https:\/\/www.e-recht24.de<\/p>\n","protected":false},"author":1,"featured_media":0,"parent":0,"menu_order":0,"comment_status":"closed","ping_status":"closed","template":"","meta":{"footnotes":""},"class_list":["post-127","page","type-page","status-publish","hentry","gallery-content-unit"],"yoast_head":"<!-- This site is optimized with the Yoast SEO plugin v26.6 - https:\/\/yoast.com\/wordpress\/plugins\/seo\/ -->\n<title>Impressum - J\u00f6rg Kandlbinder<\/title>\n<meta name=\"robots\" content=\"index, follow, max-snippet:-1, max-image-preview:large, max-video-preview:-1\" \/>\n<link rel=\"canonical\" href=\"https:\/\/kandlbinder.net\/index.php\/impressum\/\" \/>\n<meta property=\"og:locale\" content=\"de_DE\" \/>\n<meta property=\"og:type\" content=\"article\" \/>\n<meta property=\"og:title\" content=\"Impressum - J\u00f6rg Kandlbinder\" \/>\n<meta property=\"og:description\" content=\"Angaben gem\u00e4\u00df \u00a7 5 TMG J\u00f6rg Kandlbinder N\u00f6stlbach 28 83132 Pittenhart Kontakt Telefon: 080757399918 E-Mail: joerg@kandlbinder.net Es gelten folgende berufsrechtliche Regelungen: Redaktionell verantwortlich J\u00f6rg Kandlbinder N\u00f6stlbach 28 83132 Pittenhart Verbraucher\u00adstreit\u00adbeilegung\/Universal\u00adschlichtungs\u00adstelle Wir sind nicht bereit oder verpflichtet, an Streitbeilegungsverfahren vor einer Verbraucherschlichtungsstelle teilzunehmen. Quelle: https:\/\/www.e-recht24.de\" \/>\n<meta property=\"og:url\" content=\"https:\/\/kandlbinder.net\/index.php\/impressum\/\" \/>\n<meta property=\"og:site_name\" content=\"J\u00f6rg Kandlbinder\" \/>\n<meta property=\"article:modified_time\" content=\"2022-03-31T15:43:30+00:00\" \/>\n<meta name=\"twitter:card\" content=\"summary_large_image\" \/>\n<meta name=\"twitter:label1\" content=\"Gesch\u00e4tzte Lesezeit\" \/>\n\t<meta name=\"twitter:data1\" content=\"1\u00a0Minute\" \/>\n<script type=\"application\/ld+json\" class=\"yoast-schema-graph\">{\"@context\":\"https:\/\/schema.org\",\"@graph\":[{\"@type\":\"WebPage\",\"@id\":\"https:\/\/kandlbinder.net\/index.php\/impressum\/\",\"url\":\"https:\/\/kandlbinder.net\/index.php\/impressum\/\",\"name\":\"Impressum - J\u00f6rg Kandlbinder\",\"isPartOf\":{\"@id\":\"https:\/\/kandlbinder.net\/#website\"},\"datePublished\":\"2022-03-31T03:24:44+00:00\",\"dateModified\":\"2022-03-31T15:43:30+00:00\",\"breadcrumb\":{\"@id\":\"https:\/\/kandlbinder.net\/index.php\/impressum\/#breadcrumb\"},\"inLanguage\":\"de\",\"potentialAction\":[{\"@type\":\"ReadAction\",\"target\":[\"https:\/\/kandlbinder.net\/index.php\/impressum\/\"]}]},{\"@type\":\"BreadcrumbList\",\"@id\":\"https:\/\/kandlbinder.net\/index.php\/impressum\/#breadcrumb\",\"itemListElement\":[{\"@type\":\"ListItem\",\"position\":1,\"name\":\"Startseite\",\"item\":\"https:\/\/kandlbinder.net\/\"},{\"@type\":\"ListItem\",\"position\":2,\"name\":\"Impressum\"}]},{\"@type\":\"WebSite\",\"@id\":\"https:\/\/kandlbinder.net\/#website\",\"url\":\"https:\/\/kandlbinder.net\/\",\"name\":\"J\u00f6rg Kandlbinder\",\"description\":\"Kunst aus Holz, Metall und mehr\",\"publisher\":{\"@id\":\"https:\/\/kandlbinder.net\/#organization\"},\"potentialAction\":[{\"@type\":\"SearchAction\",\"target\":{\"@type\":\"EntryPoint\",\"urlTemplate\":\"https:\/\/kandlbinder.net\/?s={search_term_string}\"},\"query-input\":{\"@type\":\"PropertyValueSpecification\",\"valueRequired\":true,\"valueName\":\"search_term_string\"}}],\"inLanguage\":\"de\"},{\"@type\":\"Organization\",\"@id\":\"https:\/\/kandlbinder.net\/#organization\",\"name\":\"J\u00f6rg Kandlbinder\",\"url\":\"https:\/\/kandlbinder.net\/\",\"logo\":{\"@type\":\"ImageObject\",\"inLanguage\":\"de\",\"@id\":\"https:\/\/kandlbinder.net\/#\/schema\/logo\/image\/\",\"url\":\"https:\/\/kandlbinder.net\/wp-content\/uploads\/2022\/04\/cropped-JK_logo_frei-1-1.png\",\"contentUrl\":\"https:\/\/kandlbinder.net\/wp-content\/uploads\/2022\/04\/cropped-JK_logo_frei-1-1.png\",\"width\":155,\"height\":250,\"caption\":\"J\u00f6rg Kandlbinder\"},\"image\":{\"@id\":\"https:\/\/kandlbinder.net\/#\/schema\/logo\/image\/\"}}]}<\/script>\n<!-- \/ Yoast SEO plugin. -->","yoast_head_json":{"title":"Impressum - J\u00f6rg Kandlbinder","robots":{"index":"index","follow":"follow","max-snippet":"max-snippet:-1","max-image-preview":"max-image-preview:large","max-video-preview":"max-video-preview:-1"},"canonical":"https:\/\/kandlbinder.net\/index.php\/impressum\/","og_locale":"de_DE","og_type":"article","og_title":"Impressum - J\u00f6rg Kandlbinder","og_description":"Angaben gem\u00e4\u00df \u00a7 5 TMG J\u00f6rg Kandlbinder N\u00f6stlbach 28 83132 Pittenhart Kontakt Telefon: 080757399918 E-Mail: joerg@kandlbinder.net Es gelten folgende berufsrechtliche Regelungen: Redaktionell verantwortlich J\u00f6rg Kandlbinder N\u00f6stlbach 28 83132 Pittenhart Verbraucher\u00adstreit\u00adbeilegung\/Universal\u00adschlichtungs\u00adstelle Wir sind nicht bereit oder verpflichtet, an Streitbeilegungsverfahren vor einer Verbraucherschlichtungsstelle teilzunehmen. Quelle: https:\/\/www.e-recht24.de","og_url":"https:\/\/kandlbinder.net\/index.php\/impressum\/","og_site_name":"J\u00f6rg Kandlbinder","article_modified_time":"2022-03-31T15:43:30+00:00","twitter_card":"summary_large_image","twitter_misc":{"Gesch\u00e4tzte Lesezeit":"1\u00a0Minute"},"schema":{"@context":"https:\/\/schema.org","@graph":[{"@type":"WebPage","@id":"https:\/\/kandlbinder.net\/index.php\/impressum\/","url":"https:\/\/kandlbinder.net\/index.php\/impressum\/","name":"Impressum - J\u00f6rg Kandlbinder","isPartOf":{"@id":"https:\/\/kandlbinder.net\/#website"},"datePublished":"2022-03-31T03:24:44+00:00","dateModified":"2022-03-31T15:43:30+00:00","breadcrumb":{"@id":"https:\/\/kandlbinder.net\/index.php\/impressum\/#breadcrumb"},"inLanguage":"de","potentialAction":[{"@type":"ReadAction","target":["https:\/\/kandlbinder.net\/index.php\/impressum\/"]}]},{"@type":"BreadcrumbList","@id":"https:\/\/kandlbinder.net\/index.php\/impressum\/#breadcrumb","itemListElement":[{"@type":"ListItem","position":1,"name":"Startseite","item":"https:\/\/kandlbinder.net\/"},{"@type":"ListItem","position":2,"name":"Impressum"}]},{"@type":"WebSite","@id":"https:\/\/kandlbinder.net\/#website","url":"https:\/\/kandlbinder.net\/","name":"J\u00f6rg Kandlbinder","description":"Kunst aus Holz, Metall und mehr","publisher":{"@id":"https:\/\/kandlbinder.net\/#organization"},"potentialAction":[{"@type":"SearchAction","target":{"@type":"EntryPoint","urlTemplate":"https:\/\/kandlbinder.net\/?s={search_term_string}"},"query-input":{"@type":"PropertyValueSpecification","valueRequired":true,"valueName":"search_term_string"}}],"inLanguage":"de"},{"@type":"Organization","@id":"https:\/\/kandlbinder.net\/#organization","name":"J\u00f6rg Kandlbinder","url":"https:\/\/kandlbinder.net\/","logo":{"@type":"ImageObject","inLanguage":"de","@id":"https:\/\/kandlbinder.net\/#\/schema\/logo\/image\/","url":"https:\/\/kandlbinder.net\/wp-content\/uploads\/2022\/04\/cropped-JK_logo_frei-1-1.png","contentUrl":"https:\/\/kandlbinder.net\/wp-content\/uploads\/2022\/04\/cropped-JK_logo_frei-1-1.png","width":155,"height":250,"caption":"J\u00f6rg Kandlbinder"},"image":{"@id":"https:\/\/kandlbinder.net\/#\/schema\/logo\/image\/"}}]}},"_links":{"self":[{"href":"https:\/\/kandlbinder.net\/index.php\/wp-json\/wp\/v2\/pages\/127","targetHints":{"allow":["GET"]}}],"collection":[{"href":"https:\/\/kandlbinder.net\/index.php\/wp-json\/wp\/v2\/pages"}],"about":[{"href":"https:\/\/kandlbinder.net\/index.php\/wp-json\/wp\/v2\/types\/page"}],"author":[{"embeddable":true,"href":"https:\/\/kandlbinder.net\/index.php\/wp-json\/wp\/v2\/users\/1"}],"replies":[{"embeddable":true,"href":"https:\/\/kandlbinder.net\/index.php\/wp-json\/wp\/v2\/comments?post=127"}],"version-history":[{"count":3,"href":"https:\/\/kandlbinder.net\/index.php\/wp-json\/wp\/v2\/pages\/127\/revisions"}],"predecessor-version":[{"id":186,"href":"https:\/\/kandlbinder.net\/index.php\/wp-json\/wp\/v2\/pages\/127\/revisions\/186"}],"wp:attachment":[{"href":"https:\/\/kandlbinder.net\/index.php\/wp-json\/wp\/v2\/media?parent=127"}],"curies":[{"name":"wp","href":"https:\/\/api.w.org\/{rel}","templated":true}]}}