{"id":106,"date":"2022-03-31T03:13:58","date_gmt":"2022-03-31T03:13:58","guid":{"rendered":"https:\/\/kandlbinder.net\/?page_id=106"},"modified":"2022-06-06T10:08:19","modified_gmt":"2022-06-06T10:08:19","slug":"ueber-mich","status":"publish","type":"page","link":"https:\/\/kandlbinder.net\/index.php\/ueber-mich\/","title":{"rendered":"\u00dcber mich"},"content":{"rendered":"\n<div class=\"wp-block-columns is-layout-flex wp-container-core-columns-is-layout-9d6595d7 wp-block-columns-is-layout-flex\">\n<div class=\"wp-block-column is-layout-flow wp-block-column-is-layout-flow\" style=\"flex-basis:33.33%\">\n<figure class=\"wp-block-image size-large\"><img loading=\"lazy\" decoding=\"async\" width=\"768\" height=\"1024\" src=\"https:\/\/kandlbinder.net\/wp-content\/uploads\/2022\/06\/Profilbild_joerg-768x1024.jpg\" alt=\"\" class=\"wp-image-224\" srcset=\"https:\/\/kandlbinder.net\/wp-content\/uploads\/2022\/06\/Profilbild_joerg-768x1024.jpg 768w, https:\/\/kandlbinder.net\/wp-content\/uploads\/2022\/06\/Profilbild_joerg-225x300.jpg 225w, https:\/\/kandlbinder.net\/wp-content\/uploads\/2022\/06\/Profilbild_joerg-1152x1536.jpg 1152w, https:\/\/kandlbinder.net\/wp-content\/uploads\/2022\/06\/Profilbild_joerg-1536x2048.jpg 1536w, https:\/\/kandlbinder.net\/wp-content\/uploads\/2022\/06\/Profilbild_joerg-rotated.jpg 1773w\" sizes=\"auto, (max-width: 767px) 89vw, (max-width: 1000px) 54vw, (max-width: 1071px) 543px, 580px\" \/><\/figure>\n<\/div>\n\n\n\n<div class=\"wp-block-column is-layout-flow wp-block-column-is-layout-flow\" style=\"flex-basis:66.66%\">\n<p>Herzlich Willkommen in meinem Leben mit der Kunst.<br>Mein Name ist J\u00f6rg Kandlbinder, geboren am 5.3.1970 in Neuendettelsau.<br><\/p>\n\n\n\n<p>Kreative Arbeiten begleiten mich seid fr\u00fchester Jugend. Das Spiel mit Material, Form und Farbe verschafft mir Raum f\u00fcr Optionen, R\u00e4umen und manchmal Antworten.<br><br>Holz, Stahl, Ton, Leder und so vieles mehr, lassen das neugierige Kind in mir erwachen.<\/p>\n<\/div>\n<\/div>\n\n\n\n<p><strong>Ausstellungen<\/strong><\/p>\n\n\n\n<div class=\"wp-block-columns is-layout-flex wp-container-core-columns-is-layout-9d6595d7 wp-block-columns-is-layout-flex\">\n<div class=\"wp-block-column is-layout-flow wp-block-column-is-layout-flow\" style=\"flex-basis:33.33%\">\n<p>04.04.2022 bis 28.04.2022<\/p>\n<\/div>\n\n\n\n<div class=\"wp-block-column is-layout-flow wp-block-column-is-layout-flow\" style=\"flex-basis:66.66%\">\n<p>CULTURE INSIDE &#8211; Kulturhaus in M\u00fcnchen-Fasanerie<br>J\u00f6rg Kandlbinder &#8211; Holzskulpturen und Unikate aus Holz<\/p>\n<\/div>\n<\/div>\n\n\n\n<div class=\"wp-block-columns is-layout-flex wp-container-core-columns-is-layout-9d6595d7 wp-block-columns-is-layout-flex\">\n<div class=\"wp-block-column is-layout-flow wp-block-column-is-layout-flow\" style=\"flex-basis:33.33%\">\n<p>13.03.2022 bis 10.04.2022<\/p>\n<\/div>\n\n\n\n<div class=\"wp-block-column is-layout-flow wp-block-column-is-layout-flow\" style=\"flex-basis:66.66%\">\n<p>Galerie im Ganserhaus &#8211; Wasserburg<br>Mitgliederausstellung AK68 &#8211; IRRLICHTER<\/p>\n<\/div>\n<\/div>\n\n\n\n<p><strong>Vita<\/strong><\/p>\n\n\n\n<div class=\"wp-block-group\"><div class=\"wp-block-group__inner-container is-layout-flow wp-block-group-is-layout-flow\">\n<div class=\"wp-block-columns is-layout-flex wp-container-core-columns-is-layout-9d6595d7 wp-block-columns-is-layout-flex\">\n<div class=\"wp-block-column is-layout-flow wp-block-column-is-layout-flow\" style=\"flex-basis:33.33%\">\n<p>2018 &#8211; 2021<\/p>\n<\/div>\n\n\n\n<div class=\"wp-block-column is-layout-flow wp-block-column-is-layout-flow\" style=\"flex-basis:66.66%\">\n<p>Studie | Kopf &#8211; Mensch &#8211; Wesen<\/p>\n<\/div>\n<\/div>\n\n\n\n<div class=\"wp-block-columns is-layout-flex wp-container-core-columns-is-layout-9d6595d7 wp-block-columns-is-layout-flex\">\n<div class=\"wp-block-column is-layout-flow wp-block-column-is-layout-flow\" style=\"flex-basis:33.33%\">\n<p>2015            <\/p>\n<\/div>\n\n\n\n<div class=\"wp-block-column is-layout-flow wp-block-column-is-layout-flow\" style=\"flex-basis:66.66%\">\n<p>Holzbildhauerkurs im Chiemgau<\/p>\n<\/div>\n<\/div>\n\n\n\n<div class=\"wp-block-columns is-layout-flex wp-container-core-columns-is-layout-9d6595d7 wp-block-columns-is-layout-flex\">\n<div class=\"wp-block-column is-layout-flow wp-block-column-is-layout-flow\" style=\"flex-basis:33.33%\">\n<p>Seit 2013    <\/p>\n<\/div>\n\n\n\n<div class=\"wp-block-column is-layout-flow wp-block-column-is-layout-flow\" style=\"flex-basis:66.66%\">\n<p>Autodidaktisches Studium der Bildhauerei<\/p>\n<\/div>\n<\/div>\n\n\n\n<div class=\"wp-block-columns is-layout-flex wp-container-core-columns-is-layout-9d6595d7 wp-block-columns-is-layout-flex\">\n<div class=\"wp-block-column is-layout-flow wp-block-column-is-layout-flow\" style=\"flex-basis:33.33%\">\n<p>2018 &#8211; 2021<\/p>\n<\/div>\n\n\n\n<div class=\"wp-block-column is-layout-flow wp-block-column-is-layout-flow\" style=\"flex-basis:66.66%\">\n<p>Kurs f\u00fcr Holzbildhauerei, K4 N\u00fcrnberg<\/p>\n<\/div>\n<\/div>\n<\/div><\/div>\n","protected":false},"excerpt":{"rendered":"<p>Herzlich Willkommen in meinem Leben mit der Kunst.Mein Name ist J\u00f6rg Kandlbinder, geboren am 5.3.1970 in Neuendettelsau. Kreative Arbeiten begleiten mich seid fr\u00fchester Jugend. Das Spiel mit Material, Form und Farbe verschafft mir Raum f\u00fcr Optionen, R\u00e4umen und manchmal Antworten. Holz, Stahl, Ton, Leder und so vieles mehr, lassen das neugierige Kind in mir erwachen. &hellip; <\/p>\n<p class=\"link-more\"><a href=\"https:\/\/kandlbinder.net\/index.php\/ueber-mich\/\" class=\"more-link\"><span class=\"screen-reader-text\">\u201e\u00dcber mich\u201c <\/span>weiterlesen<\/a><\/p>\n","protected":false},"author":1,"featured_media":0,"parent":0,"menu_order":0,"comment_status":"closed","ping_status":"closed","template":"","meta":{"footnotes":""},"class_list":["post-106","page","type-page","status-publish","hentry","gallery-content-unit"],"yoast_head":"<!-- This site is optimized with the Yoast SEO plugin v26.6 - https:\/\/yoast.com\/wordpress\/plugins\/seo\/ -->\n<title>\u00dcber mich - J\u00f6rg Kandlbinder<\/title>\n<meta name=\"robots\" content=\"index, follow, max-snippet:-1, max-image-preview:large, max-video-preview:-1\" \/>\n<link rel=\"canonical\" href=\"https:\/\/kandlbinder.net\/index.php\/ueber-mich\/\" \/>\n<meta property=\"og:locale\" content=\"de_DE\" \/>\n<meta property=\"og:type\" content=\"article\" \/>\n<meta property=\"og:title\" content=\"\u00dcber mich - J\u00f6rg Kandlbinder\" \/>\n<meta property=\"og:description\" content=\"Herzlich Willkommen in meinem Leben mit der Kunst.Mein Name ist J\u00f6rg Kandlbinder, geboren am 5.3.1970 in Neuendettelsau. Kreative Arbeiten begleiten mich seid fr\u00fchester Jugend. Das Spiel mit Material, Form und Farbe verschafft mir Raum f\u00fcr Optionen, R\u00e4umen und manchmal Antworten. Holz, Stahl, Ton, Leder und so vieles mehr, lassen das neugierige Kind in mir erwachen. &hellip; \u201e\u00dcber mich\u201c weiterlesen\" \/>\n<meta property=\"og:url\" content=\"https:\/\/kandlbinder.net\/index.php\/ueber-mich\/\" \/>\n<meta property=\"og:site_name\" content=\"J\u00f6rg Kandlbinder\" \/>\n<meta property=\"article:modified_time\" content=\"2022-06-06T10:08:19+00:00\" \/>\n<meta property=\"og:image\" content=\"https:\/\/kandlbinder.net\/wp-content\/uploads\/2022\/06\/Profilbild_joerg-768x1024.jpg\" \/>\n<meta name=\"twitter:card\" content=\"summary_large_image\" \/>\n<meta name=\"twitter:label1\" content=\"Gesch\u00e4tzte Lesezeit\" \/>\n\t<meta name=\"twitter:data1\" content=\"1\u00a0Minute\" \/>\n<script type=\"application\/ld+json\" class=\"yoast-schema-graph\">{\"@context\":\"https:\/\/schema.org\",\"@graph\":[{\"@type\":\"WebPage\",\"@id\":\"https:\/\/kandlbinder.net\/index.php\/ueber-mich\/\",\"url\":\"https:\/\/kandlbinder.net\/index.php\/ueber-mich\/\",\"name\":\"\u00dcber mich - J\u00f6rg Kandlbinder\",\"isPartOf\":{\"@id\":\"https:\/\/kandlbinder.net\/#website\"},\"primaryImageOfPage\":{\"@id\":\"https:\/\/kandlbinder.net\/index.php\/ueber-mich\/#primaryimage\"},\"image\":{\"@id\":\"https:\/\/kandlbinder.net\/index.php\/ueber-mich\/#primaryimage\"},\"thumbnailUrl\":\"https:\/\/kandlbinder.net\/wp-content\/uploads\/2022\/06\/Profilbild_joerg-768x1024.jpg\",\"datePublished\":\"2022-03-31T03:13:58+00:00\",\"dateModified\":\"2022-06-06T10:08:19+00:00\",\"breadcrumb\":{\"@id\":\"https:\/\/kandlbinder.net\/index.php\/ueber-mich\/#breadcrumb\"},\"inLanguage\":\"de\",\"potentialAction\":[{\"@type\":\"ReadAction\",\"target\":[\"https:\/\/kandlbinder.net\/index.php\/ueber-mich\/\"]}]},{\"@type\":\"ImageObject\",\"inLanguage\":\"de\",\"@id\":\"https:\/\/kandlbinder.net\/index.php\/ueber-mich\/#primaryimage\",\"url\":\"https:\/\/kandlbinder.net\/wp-content\/uploads\/2022\/06\/Profilbild_joerg-rotated.jpg\",\"contentUrl\":\"https:\/\/kandlbinder.net\/wp-content\/uploads\/2022\/06\/Profilbild_joerg-rotated.jpg\",\"width\":1773,\"height\":2364},{\"@type\":\"BreadcrumbList\",\"@id\":\"https:\/\/kandlbinder.net\/index.php\/ueber-mich\/#breadcrumb\",\"itemListElement\":[{\"@type\":\"ListItem\",\"position\":1,\"name\":\"Startseite\",\"item\":\"https:\/\/kandlbinder.net\/\"},{\"@type\":\"ListItem\",\"position\":2,\"name\":\"\u00dcber mich\"}]},{\"@type\":\"WebSite\",\"@id\":\"https:\/\/kandlbinder.net\/#website\",\"url\":\"https:\/\/kandlbinder.net\/\",\"name\":\"J\u00f6rg Kandlbinder\",\"description\":\"Kunst aus Holz, Metall und mehr\",\"publisher\":{\"@id\":\"https:\/\/kandlbinder.net\/#organization\"},\"potentialAction\":[{\"@type\":\"SearchAction\",\"target\":{\"@type\":\"EntryPoint\",\"urlTemplate\":\"https:\/\/kandlbinder.net\/?s={search_term_string}\"},\"query-input\":{\"@type\":\"PropertyValueSpecification\",\"valueRequired\":true,\"valueName\":\"search_term_string\"}}],\"inLanguage\":\"de\"},{\"@type\":\"Organization\",\"@id\":\"https:\/\/kandlbinder.net\/#organization\",\"name\":\"J\u00f6rg Kandlbinder\",\"url\":\"https:\/\/kandlbinder.net\/\",\"logo\":{\"@type\":\"ImageObject\",\"inLanguage\":\"de\",\"@id\":\"https:\/\/kandlbinder.net\/#\/schema\/logo\/image\/\",\"url\":\"https:\/\/kandlbinder.net\/wp-content\/uploads\/2022\/04\/cropped-JK_logo_frei-1-1.png\",\"contentUrl\":\"https:\/\/kandlbinder.net\/wp-content\/uploads\/2022\/04\/cropped-JK_logo_frei-1-1.png\",\"width\":155,\"height\":250,\"caption\":\"J\u00f6rg Kandlbinder\"},\"image\":{\"@id\":\"https:\/\/kandlbinder.net\/#\/schema\/logo\/image\/\"}}]}<\/script>\n<!-- \/ Yoast SEO plugin. -->","yoast_head_json":{"title":"\u00dcber mich - J\u00f6rg Kandlbinder","robots":{"index":"index","follow":"follow","max-snippet":"max-snippet:-1","max-image-preview":"max-image-preview:large","max-video-preview":"max-video-preview:-1"},"canonical":"https:\/\/kandlbinder.net\/index.php\/ueber-mich\/","og_locale":"de_DE","og_type":"article","og_title":"\u00dcber mich - J\u00f6rg Kandlbinder","og_description":"Herzlich Willkommen in meinem Leben mit der Kunst.Mein Name ist J\u00f6rg Kandlbinder, geboren am 5.3.1970 in Neuendettelsau. Kreative Arbeiten begleiten mich seid fr\u00fchester Jugend. Das Spiel mit Material, Form und Farbe verschafft mir Raum f\u00fcr Optionen, R\u00e4umen und manchmal Antworten. Holz, Stahl, Ton, Leder und so vieles mehr, lassen das neugierige Kind in mir erwachen. &hellip; \u201e\u00dcber mich\u201c weiterlesen","og_url":"https:\/\/kandlbinder.net\/index.php\/ueber-mich\/","og_site_name":"J\u00f6rg Kandlbinder","article_modified_time":"2022-06-06T10:08:19+00:00","og_image":[{"url":"https:\/\/kandlbinder.net\/wp-content\/uploads\/2022\/06\/Profilbild_joerg-768x1024.jpg","type":"","width":"","height":""}],"twitter_card":"summary_large_image","twitter_misc":{"Gesch\u00e4tzte Lesezeit":"1\u00a0Minute"},"schema":{"@context":"https:\/\/schema.org","@graph":[{"@type":"WebPage","@id":"https:\/\/kandlbinder.net\/index.php\/ueber-mich\/","url":"https:\/\/kandlbinder.net\/index.php\/ueber-mich\/","name":"\u00dcber mich - J\u00f6rg Kandlbinder","isPartOf":{"@id":"https:\/\/kandlbinder.net\/#website"},"primaryImageOfPage":{"@id":"https:\/\/kandlbinder.net\/index.php\/ueber-mich\/#primaryimage"},"image":{"@id":"https:\/\/kandlbinder.net\/index.php\/ueber-mich\/#primaryimage"},"thumbnailUrl":"https:\/\/kandlbinder.net\/wp-content\/uploads\/2022\/06\/Profilbild_joerg-768x1024.jpg","datePublished":"2022-03-31T03:13:58+00:00","dateModified":"2022-06-06T10:08:19+00:00","breadcrumb":{"@id":"https:\/\/kandlbinder.net\/index.php\/ueber-mich\/#breadcrumb"},"inLanguage":"de","potentialAction":[{"@type":"ReadAction","target":["https:\/\/kandlbinder.net\/index.php\/ueber-mich\/"]}]},{"@type":"ImageObject","inLanguage":"de","@id":"https:\/\/kandlbinder.net\/index.php\/ueber-mich\/#primaryimage","url":"https:\/\/kandlbinder.net\/wp-content\/uploads\/2022\/06\/Profilbild_joerg-rotated.jpg","contentUrl":"https:\/\/kandlbinder.net\/wp-content\/uploads\/2022\/06\/Profilbild_joerg-rotated.jpg","width":1773,"height":2364},{"@type":"BreadcrumbList","@id":"https:\/\/kandlbinder.net\/index.php\/ueber-mich\/#breadcrumb","itemListElement":[{"@type":"ListItem","position":1,"name":"Startseite","item":"https:\/\/kandlbinder.net\/"},{"@type":"ListItem","position":2,"name":"\u00dcber mich"}]},{"@type":"WebSite","@id":"https:\/\/kandlbinder.net\/#website","url":"https:\/\/kandlbinder.net\/","name":"J\u00f6rg Kandlbinder","description":"Kunst aus Holz, Metall und mehr","publisher":{"@id":"https:\/\/kandlbinder.net\/#organization"},"potentialAction":[{"@type":"SearchAction","target":{"@type":"EntryPoint","urlTemplate":"https:\/\/kandlbinder.net\/?s={search_term_string}"},"query-input":{"@type":"PropertyValueSpecification","valueRequired":true,"valueName":"search_term_string"}}],"inLanguage":"de"},{"@type":"Organization","@id":"https:\/\/kandlbinder.net\/#organization","name":"J\u00f6rg Kandlbinder","url":"https:\/\/kandlbinder.net\/","logo":{"@type":"ImageObject","inLanguage":"de","@id":"https:\/\/kandlbinder.net\/#\/schema\/logo\/image\/","url":"https:\/\/kandlbinder.net\/wp-content\/uploads\/2022\/04\/cropped-JK_logo_frei-1-1.png","contentUrl":"https:\/\/kandlbinder.net\/wp-content\/uploads\/2022\/04\/cropped-JK_logo_frei-1-1.png","width":155,"height":250,"caption":"J\u00f6rg Kandlbinder"},"image":{"@id":"https:\/\/kandlbinder.net\/#\/schema\/logo\/image\/"}}]}},"_links":{"self":[{"href":"https:\/\/kandlbinder.net\/index.php\/wp-json\/wp\/v2\/pages\/106","targetHints":{"allow":["GET"]}}],"collection":[{"href":"https:\/\/kandlbinder.net\/index.php\/wp-json\/wp\/v2\/pages"}],"about":[{"href":"https:\/\/kandlbinder.net\/index.php\/wp-json\/wp\/v2\/types\/page"}],"author":[{"embeddable":true,"href":"https:\/\/kandlbinder.net\/index.php\/wp-json\/wp\/v2\/users\/1"}],"replies":[{"embeddable":true,"href":"https:\/\/kandlbinder.net\/index.php\/wp-json\/wp\/v2\/comments?post=106"}],"version-history":[{"count":10,"href":"https:\/\/kandlbinder.net\/index.php\/wp-json\/wp\/v2\/pages\/106\/revisions"}],"predecessor-version":[{"id":233,"href":"https:\/\/kandlbinder.net\/index.php\/wp-json\/wp\/v2\/pages\/106\/revisions\/233"}],"wp:attachment":[{"href":"https:\/\/kandlbinder.net\/index.php\/wp-json\/wp\/v2\/media?parent=106"}],"curies":[{"name":"wp","href":"https:\/\/api.w.org\/{rel}","templated":true}]}}